{"id":8,"date":"2025-09-23T10:07:49","date_gmt":"2025-09-23T13:07:49","guid":{"rendered":"https:\/\/pannavip.com.ar\/?page_id=8"},"modified":"2025-11-07T18:04:08","modified_gmt":"2025-11-07T21:04:08","slug":"inicio","status":"publish","type":"page","link":"https:\/\/pannavip.com.ar\/","title":{"rendered":"Inicio"},"content":{"rendered":"\t\t<div data-elementor-type=\"wp-page\" data-elementor-id=\"8\" class=\"elementor elementor-8\">\n\t\t\t\t<div class=\"elementor-element elementor-element-63d199c e-flex e-con-boxed e-con e-parent\" data-id=\"63d199c\" data-element_type=\"container\" data-settings=\"{&quot;background_background&quot;:&quot;classic&quot;}\">\n\t\t\t\t\t<div class=\"e-con-inner\">\n\t\t<div class=\"elementor-element elementor-element-bb69c97 e-grid e-con-full e-con e-child\" data-id=\"bb69c97\" data-element_type=\"container\">\n\t\t\t\t<div class=\"elementor-element elementor-element-868fd11 elementor-widget elementor-widget-image\" data-id=\"868fd11\" data-element_type=\"widget\" data-widget_type=\"image.default\">\n\t\t\t\t\t\t\t\t\t\t\t\t\t\t\t<img fetchpriority=\"high\" decoding=\"async\" width=\"1024\" height=\"1024\" src=\"https:\/\/pannavip.com.ar\/wp-content\/uploads\/2025\/11\/Panna-Vip-FAVICON-1024x1024.png\" class=\"attachment-large size-large wp-image-47\" alt=\"Panna Vip\" srcset=\"https:\/\/pannavip.com.ar\/wp-content\/uploads\/2025\/11\/Panna-Vip-FAVICON-1024x1024.png 1024w, https:\/\/pannavip.com.ar\/wp-content\/uploads\/2025\/11\/Panna-Vip-FAVICON-300x300.png 300w, https:\/\/pannavip.com.ar\/wp-content\/uploads\/2025\/11\/Panna-Vip-FAVICON-150x150.png 150w, https:\/\/pannavip.com.ar\/wp-content\/uploads\/2025\/11\/Panna-Vip-FAVICON-768x768.png 768w, https:\/\/pannavip.com.ar\/wp-content\/uploads\/2025\/11\/Panna-Vip-FAVICON.png 1300w\" sizes=\"(max-width: 1024px) 100vw, 1024px\" \/>\t\t\t\t\t\t\t\t\t\t\t\t\t\t\t<\/div>\n\t\t\t\t<div class=\"elementor-element elementor-element-5a51871 elementor-widget elementor-widget-heading\" data-id=\"5a51871\" data-element_type=\"widget\" data-widget_type=\"heading.default\">\n\t\t\t\t\t<h2 class=\"elementor-heading-title elementor-size-default\">Estamos construyendo algo nuevo.<\/h2>\t\t\t\t<\/div>\n\t\t\t\t<div class=\"elementor-element elementor-element-44fb943 elementor-widget elementor-widget-text-editor\" data-id=\"44fb943\" data-element_type=\"widget\" data-widget_type=\"text-editor.default\">\n\t\t\t\t\t\t\t\t\t<p class=\"p1\"><i>Nuestro sitio web estar\u00e1 disponible en breve.<br \/>Mientras tanto, seguimos trabajando para acercarte innovaci\u00f3n en cremas base l\u00e1ctea y no l\u00e1ctea.<\/i><\/p>\t\t\t\t\t\t\t\t<\/div>\n\t\t\t\t<\/div>\n\t\t\t\t\t<\/div>\n\t\t\t\t<\/div>\n\t\t\t\t<\/div>\n\t\t","protected":false},"excerpt":{"rendered":"<p>Estamos construyendo algo nuevo. Nuestro sitio web estar\u00e1 disponible en breve.Mientras tanto, seguimos trabajando para acercarte innovaci\u00f3n en cremas base [&hellip;]<\/p>\n","protected":false},"author":1,"featured_media":0,"parent":0,"menu_order":0,"comment_status":"closed","ping_status":"closed","template":"elementor_canvas","meta":{"site-sidebar-layout":"no-sidebar","site-content-layout":"","ast-site-content-layout":"full-width-container","site-content-style":"default","site-sidebar-style":"default","ast-global-header-display":"","ast-banner-title-visibility":"","ast-main-header-display":"","ast-hfb-above-header-display":"","ast-hfb-below-header-display":"","ast-hfb-mobile-header-display":"","site-post-title":"disabled","ast-breadcrumbs-content":"","ast-featured-img":"disabled","footer-sml-layout":"","theme-transparent-header-meta":"","adv-header-id-meta":"","stick-header-meta":"","header-above-stick-meta":"","header-main-stick-meta":"","header-below-stick-meta":"","astra-migrate-meta-layouts":"default","ast-page-background-enabled":"default","ast-page-background-meta":{"desktop":{"background-color":"var(--ast-global-color-5)","background-image":"","background-repeat":"repeat","background-position":"center center","background-size":"auto","background-attachment":"scroll","background-type":"","background-media":"","overlay-type":"","overlay-color":"","overlay-opacity":"","overlay-gradient":""},"tablet":{"background-color":"","background-image":"","background-repeat":"repeat","background-position":"center center","background-size":"auto","background-attachment":"scroll","background-type":"","background-media":"","overlay-type":"","overlay-color":"","overlay-opacity":"","overlay-gradient":""},"mobile":{"background-color":"","background-image":"","background-repeat":"repeat","background-position":"center center","background-size":"auto","background-attachment":"scroll","background-type":"","background-media":"","overlay-type":"","overlay-color":"","overlay-opacity":"","overlay-gradient":""}},"ast-content-background-meta":{"desktop":{"background-color":"var(--ast-global-color-4)","background-image":"","background-repeat":"repeat","background-position":"center center","background-size":"auto","background-attachment":"scroll","background-type":"","background-media":"","overlay-type":"","overlay-color":"","overlay-opacity":"","overlay-gradient":""},"tablet":{"background-color":"var(--ast-global-color-4)","background-image":"","background-repeat":"repeat","background-position":"center center","background-size":"auto","background-attachment":"scroll","background-type":"","background-media":"","overlay-type":"","overlay-color":"","overlay-opacity":"","overlay-gradient":""},"mobile":{"background-color":"var(--ast-global-color-4)","background-image":"","background-repeat":"repeat","background-position":"center center","background-size":"auto","background-attachment":"scroll","background-type":"","background-media":"","overlay-type":"","overlay-color":"","overlay-opacity":"","overlay-gradient":""}},"footnotes":""},"class_list":["post-8","page","type-page","status-publish","hentry"],"jetpack_sharing_enabled":true,"_links":{"self":[{"href":"https:\/\/pannavip.com.ar\/index.php?rest_route=\/wp\/v2\/pages\/8","targetHints":{"allow":["GET"]}}],"collection":[{"href":"https:\/\/pannavip.com.ar\/index.php?rest_route=\/wp\/v2\/pages"}],"about":[{"href":"https:\/\/pannavip.com.ar\/index.php?rest_route=\/wp\/v2\/types\/page"}],"author":[{"embeddable":true,"href":"https:\/\/pannavip.com.ar\/index.php?rest_route=\/wp\/v2\/users\/1"}],"replies":[{"embeddable":true,"href":"https:\/\/pannavip.com.ar\/index.php?rest_route=%2Fwp%2Fv2%2Fcomments&post=8"}],"version-history":[{"count":24,"href":"https:\/\/pannavip.com.ar\/index.php?rest_route=\/wp\/v2\/pages\/8\/revisions"}],"predecessor-version":[{"id":55,"href":"https:\/\/pannavip.com.ar\/index.php?rest_route=\/wp\/v2\/pages\/8\/revisions\/55"}],"wp:attachment":[{"href":"https:\/\/pannavip.com.ar\/index.php?rest_route=%2Fwp%2Fv2%2Fmedia&parent=8"}],"curies":[{"name":"wp","href":"https:\/\/api.w.org\/{rel}","templated":true}]}}